{"id":2,"date":"2011-10-13T08:10:35","date_gmt":"2011-10-13T08:10:35","guid":{"rendered":"https:\/\/schriften.yoga-vidya.de\/viveka-chudamani\/?page_id=2"},"modified":"2016-12-06T19:44:11","modified_gmt":"2016-12-06T18:44:11","slug":"beispiel-seite","status":"publish","type":"page","link":"https:\/\/schriften.yoga-vidya.de\/viveka-chudamani\/","title":{"rendered":"Viveka &#8211; Unterscheidungskraft"},"content":{"rendered":"<p><img loading=\"lazy\" decoding=\"async\" class=\"alignright size-full wp-image-18\" src=\"https:\/\/schriften.yoga-vidya.de\/viveka-chudamani\/wp-content\/uploads\/2011\/10\/adi-shankaracharya.jpg\" alt=\"Adi Shankaracharya\" width=\"660\" height=\"308\" srcset=\"https:\/\/schriften.yoga-vidya.de\/viveka-chudamani\/wp-content\/uploads\/2011\/10\/adi-shankaracharya.jpg 660w, https:\/\/schriften.yoga-vidya.de\/viveka-chudamani\/wp-content\/uploads\/2011\/10\/adi-shankaracharya-300x140.jpg 300w, https:\/\/schriften.yoga-vidya.de\/viveka-chudamani\/wp-content\/uploads\/2011\/10\/adi-shankaracharya-540x252.jpg 540w\" sizes=\"auto, (max-width: 660px) 100vw, 660px\" \/>Viveka Chudamani ist eines der wichtigsten Grundlagenwerke des Vedanta und Jnana Yoga. Es wurde zu Beginn des 9. Jahrhunderts von Shankaracharya geschrieben.<\/p>\n<p>Viveka Chudamani gilt als die wichtigste Einf\u00fchrung in Vedanta, die Philosophie des Absoluten. Sie gilt als Sp\u00e4twerk von Shankaracharya, des gro\u00dfen Yoga Meisters Anfang des 9. Jahrhunderts. Die Betonung in diesem Werk ist st\u00e4rker als in den Fr\u00fchwerken von Sankara die spirituelle Praxis.<\/p>\n<p>Hier wollen wir alle Verse des Viveka Chudamani aufnehmen, einschlie\u00dflich Verse auf Devanagari, Umschrift, deutsche \u00dcbersetzung, Kommentare. Auch Audio Dateien zum Anh\u00f6ren und Videos sollen ein tiefes Erlebnis erm\u00f6glichen.<\/p>\n<p><strong>Willst du daran mitwirken? Dann melde dich bei sukadev(at)yoga-vidya.de<\/strong><\/p>\n","protected":false},"excerpt":{"rendered":"<p>Viveka Chudamani ist eines der wichtigsten Grundlagenwerke des Vedanta und Jnana Yoga. Es wurde zu Beginn des 9. Jahrhunderts von Shankaracharya geschrieben. Viveka Chudamani gilt als die wichtigste Einf\u00fchrung in Vedanta, die Philosophie des Absoluten. Sie gilt als Sp\u00e4twerk von Shankaracharya, des gro\u00dfen Yoga Meisters Anfang des 9. Jahrhunderts. Die Betonung in diesem Werk ist &hellip; <a href=\"https:\/\/schriften.yoga-vidya.de\/viveka-chudamani\/\" class=\"more-link\"><span class=\"screen-reader-text\">Viveka &#8211; Unterscheidungskraft<\/span> weiterlesen<\/a><\/p>\n","protected":false},"author":1,"featured_media":0,"parent":0,"menu_order":0,"comment_status":"open","ping_status":"open","template":"","meta":{"footnotes":""},"class_list":["post-2","page","type-page","status-publish","hentry"],"_links":{"self":[{"href":"https:\/\/schriften.yoga-vidya.de\/viveka-chudamani\/wp-json\/wp\/v2\/pages\/2","targetHints":{"allow":["GET"]}}],"collection":[{"href":"https:\/\/schriften.yoga-vidya.de\/viveka-chudamani\/wp-json\/wp\/v2\/pages"}],"about":[{"href":"https:\/\/schriften.yoga-vidya.de\/viveka-chudamani\/wp-json\/wp\/v2\/types\/page"}],"author":[{"embeddable":true,"href":"https:\/\/schriften.yoga-vidya.de\/viveka-chudamani\/wp-json\/wp\/v2\/users\/1"}],"replies":[{"embeddable":true,"href":"https:\/\/schriften.yoga-vidya.de\/viveka-chudamani\/wp-json\/wp\/v2\/comments?post=2"}],"version-history":[{"count":5,"href":"https:\/\/schriften.yoga-vidya.de\/viveka-chudamani\/wp-json\/wp\/v2\/pages\/2\/revisions"}],"predecessor-version":[{"id":24,"href":"https:\/\/schriften.yoga-vidya.de\/viveka-chudamani\/wp-json\/wp\/v2\/pages\/2\/revisions\/24"}],"wp:attachment":[{"href":"https:\/\/schriften.yoga-vidya.de\/viveka-chudamani\/wp-json\/wp\/v2\/media?parent=2"}],"curies":[{"name":"wp","href":"https:\/\/api.w.org\/{rel}","templated":true}]}}