{"id":3679,"date":"2016-08-20T14:23:04","date_gmt":"2016-08-20T12:23:04","guid":{"rendered":"http:\/\/schriften.yoga-vidya.de\/patanjali-raja-yoga-sutra\/?page_id=3679"},"modified":"2023-08-30T14:37:40","modified_gmt":"2023-08-30T12:37:40","slug":"impressum","status":"publish","type":"page","link":"https:\/\/schriften.yoga-vidya.de\/patanjali-raja-yoga-sutra\/impressum\/","title":{"rendered":"Impressum"},"content":{"rendered":"\n\n<div id=\"c229389\" class=\"content \n    frame frame-default frame-type-HeadPicture frame-layout-0\n            \n             frame-space-after-extra-large\n\"><div class=\"headpicture\"><figure class=\"headpicture__image\"><picture><source media=\"(min-width: 1408px)\"\n                                    srcset=\"https:\/\/www.yoga-vidya.de\/fileadmin\/_processed_\/9\/9\/csm_Impressum_Yoga_Vidya_11e4782768.jpg\"><source media=\"(min-width: 1216px)\"\n                                    srcset=\"https:\/\/www.yoga-vidya.de\/fileadmin\/_processed_\/9\/9\/csm_Impressum_Yoga_Vidya_7cf42ecc2d.jpg 2x,\n                                                https:\/\/www.yoga-vidya.de\/fileadmin\/_processed_\/9\/9\/csm_Impressum_Yoga_Vidya_fad2d1d475.jpg 1x\"><source media=\"(min-width: 1024px)\"\n                                    srcset=\"https:\/\/www.yoga-vidya.de\/fileadmin\/_processed_\/9\/9\/csm_Impressum_Yoga_Vidya_11e4782768.jpg 2x,\n                                                https:\/\/www.yoga-vidya.de\/fileadmin\/_processed_\/9\/9\/csm_Impressum_Yoga_Vidya_72b70bb85b.jpg 1x\"><source media=\"(min-width: 769px)\"\n                                    srcset=\"https:\/\/www.yoga-vidya.de\/fileadmin\/_processed_\/9\/9\/csm_Impressum_Yoga_Vidya_7cf42ecc2d.jpg 1308w,\n                                                https:\/\/www.yoga-vidya.de\/fileadmin\/_processed_\/9\/9\/csm_Impressum_Yoga_Vidya_5f14ad6d67.jpg 1116w,\n                                                https:\/\/www.yoga-vidya.de\/fileadmin\/_processed_\/9\/9\/csm_Impressum_Yoga_Vidya_06f32f00ac.jpg 924w\"\n                                    sizes=\"calc(100vw - 2.25rem)\"><source srcset=\"https:\/\/www.yoga-vidya.de\/fileadmin\/_processed_\/9\/9\/csm_Impressum_Yoga_Vidya_533b978e12.jpg 900w,\n                                            https:\/\/www.yoga-vidya.de\/fileadmin\/_processed_\/9\/9\/csm_Impressum_Yoga_Vidya_f24ab8d239.jpg 700w,\n                                            https:\/\/www.yoga-vidya.de\/fileadmin\/_processed_\/9\/9\/csm_Impressum_Yoga_Vidya_b9a5cfb0a0.jpg 500w\"\n                                sizes=\"calc(100vw - 2.25rem)\"><img decoding=\"async\" class=\"img-fluid\"\n                             loading=\"eager\"\n                             fetchpriority=\"high\"\n                             src=\"https:\/\/www.yoga-vidya.de\/fileadmin\/_processed_\/9\/9\/csm_Impressum_Yoga_Vidya_b9a5cfb0a0.jpg\"\n                              title=\"Impressum Yoga Vidya\"\n                         alt=\"Impressum Yoga Vidya Taube, Vogel, Frieden\"><\/picture><\/figure><div class=\"headpicture__textbox headpicture__textbox--white headpicture__textbox--h-align-left headpicture__textbox--v-align-bottom\"><h1 class=\"headpicture__header headpicture__header--size\">\n                Impressum\n            <\/h1><\/div><\/div><\/div>\n\n\n\n\n<div id=\"c229388\"\n         class=\"content \n    frame frame-default frame-type-text frame-layout-0\n            \n             frame-space-after-large\n\"><div class=\"content\"><header><h2\n                \n                    class=\"\n                        \n                        \n                            h3\n                        \n                        \"\n                \n            >\n\n                    \n                        Seiten\u00fcbersicht\n                    \n\n                    \n\n                    \n\n                    <\/h2><\/header><\/div><ul><li><a href=\"\/service\/impressum\/#c228576\">Yoga Vidya Ashrams<\/a><\/li><li><a href=\"\/service\/impressum\/#c23066\">Inhaltlich verantwortlich nach \u00a7 5 TMG<\/a><\/li><li><a href=\"\/service\/impressum\/#c401\">Wichtiger Hinweis zum Urheberrecht<\/a><\/li><li><a href=\"\/service\/impressum\/#c48643\">Haftungsausschluss<\/a><\/li><\/ul><\/div>\n\n\n\n\n<div id=\"c228576\"\n         class=\"content \n    frame frame-default frame-type-text frame-layout-0\n            \n             frame-space-after-extra-large\n\"><h2><strong><a href=\"\/center\/haus-bad-meinberg\/start\/\" class=\"h3 internal-link\">Yoga Vidya Bad Meinberg<\/a><\/strong><\/h2><p>Yogaweg 1<br> 32805 Horn-Bad Meinberg<\/p><p>Tel: <a href=\"tel:+495234870\"> +49 (0) 5234 87-0<\/a>, Fax -1875<\/p><p>E-Mail (allgemeine Fragen): <a href=\"mailto:badmeinberg@yoga-vidya.de?subject=Nachricht%20ueber%20www.yoga-vidya.de\">badmeinberg(at)yoga-vidya.de<\/a><br> E-Mail (Buchungsanfragen): <a href=\"mailto:rezeption@yoga-vidya.de\">rezeption<\/a><a href=\"mailto:badmeinberg@yoga-vidya.de?subject=Nachricht%20ueber%20www.yoga-vidya.de\">(at)<\/a><a href=\"mailto:rezeption@yoga-vidya.de\">yoga-vidya.de<\/a><\/p><\/div>\n\n\n\n\n<div id=\"c228577\"\n         class=\"content \n    frame frame-default frame-type-text frame-layout-0\n            \n             frame-space-after-extra-large\n\"><h2><strong><a href=\"\/center\/haus-westerwald\/start\/\" class=\"h3 internal-link\">Haus Yoga Vidya Westerwald<\/a><\/strong><\/h2><p>Gut Hoffnungstal<br> 57641 Oberlahr<\/p><p>Tel: <a href=\"tel:+49268580020\"> +49 (0)2685 8002-0<\/a>, Fax -20<\/p><p>E-Mail: <a href=\"mailto:westerwald@yoga-vidya.de?subject=Nachricht%20ueber%20www.yoga-vidya.de\">westerwald(at)yoga-vidya.de<\/a><\/p><\/div>\n\n\n\n\n<div id=\"c228579\"\n         class=\"content \n    frame frame-default frame-type-text frame-layout-0\n            \n             frame-space-after-extra-large\n\"><h2><strong><a href=\"\/center\/haus-nordsee\/start\/\" class=\"h3 internal-link\">Haus Yoga Vidya Nordsee<\/a><\/strong><\/h2><p>Wiarder Altendeich 10<br> 26434 Horumersiel<\/p><p>Tel: <a href=\"tel:+4944269041610\">+49 (0) 4426 -904 16 1-0<\/a>, Fax -16 1-40<\/p><p>E-Mail: <a href=\"mailto:nordsee@yoga-vidya.de\" class=\"mail\">nordsee(at)yoga-vidya.de<\/a><\/p><\/div>\n\n\n\n\n<div id=\"c228578\"\n         class=\"content \n    frame frame-default frame-type-text frame-layout-0\n            \n             frame-space-after-extra-large\n\"><h2><strong><a href=\"\/center\/haus-allgaeu\/start\/\" class=\"h3 internal-link\">Haus Yoga Vidya Allg\u00e4u<\/a><\/strong><\/h2><p>L\u00e4rchenweg 3 Maria Rain<br> 87466 Oy-Mittelberg<\/p><p>Tel: <a href=\"tel:+498361925300\">+49 (0) 8361 - 92530-0<\/a><\/p><p>E-Mail: <a href=\"mailto:allgaeu@yoga-vidya.de\" class=\"mail\">allgaeu(at)yoga-vidya.de<\/a><\/p><\/div>\n\n\n\n\n<div id=\"c23066\"\n         class=\"content bgcolor bgcolor--lightgrey \n    frame frame-default frame-type-text frame-layout-0\n             frame-space-before-extra-large\n             frame-space-after-extra-large\n\"><div class=\"content\"><header><h2\n                \n            >\n\n                    \n                        Inhaltlich verantwortlich nach \u00a7 5 TMG\n                    \n\n                    \n\n                    \n\n                    <\/h2><\/header><\/div><p><strong class=\"h3\">Yoga Vidya e.V.<\/strong><\/p><p>Yogaweg 7<br> 32805 Horn-Bad Meinberg<br> Deutschland<\/p><p>Tel: 05234-87-0, Fax: 05234-87-1875<\/p><p>E-Mail: <a rel=\"noopener\" href=\"mailto:\" target=\"info@yoga-vidya.de\">info@yoga-vidya.de<\/a><\/p><p>Webseite: <a rel=\"noopener\" href=\"https:\/\/www.yoga-vidya.de\/\" target=\"_blank\">www.yoga-vidya.de<\/a><\/p><p>Amtsgericht Lemgo, Vereinsregister-Nr. VR 1274<br> Vertreten im Sinne \u00a7 26 BGB durch:<br> Volker Bretz (1. Vorsitzender, Alleinvertretungsberechtigt)<br> Yogaweg 7, 32805 Horn-Bad Meinberg<\/p><p>Umsatzsteuer-Identifikationsnummer gem. \u00a7 27 a UStG: DE 241 612 897<\/p><\/div>\n\n\n\n\n<div id=\"c231915\"\n         class=\"content \n    frame frame-default frame-type-text frame-layout-0\n\"><p>Verantwortlich i.S.d. \u00a7 18 MStV f\u00fcr den journalistisch-redaktionellen Inhalt:<\/p><p>Volker Bretz, Yogaweg 7, 32805 Horn Bad-Meinberg<\/p><p>&nbsp;<\/p><p><strong>Bankverbindung:<\/strong><\/p><p>VerbundVolksbank OWL eG<\/p><p>BIC: DGPBDE3MXXX<br> IBAN DE41 4726 0121 2150 078400<\/p><p>Kto.: 2150078400<br> BLZ: 472 601 21<\/p><p>&nbsp;<\/p><p><strong>Streitbeilegung:<\/strong><\/p><p>Die Europ\u00e4ische Kommission stellt eine Plattform zur Online-Streitbeilegung (OS) f\u00fcr Verbaucher bereit, die du hier findest: <a href=\"https:\/\/ec.europa.eu\/consumers\/odr\/\" target=\"_blank\" rel=\"noopener noreferrer\">ec.europa.eu\/consumers\/odr\/<\/a><\/p><p>Wir sind bereit, an einem au\u00dfergerichtlichen Schlichtungsverfahren vor einer Verbraucherschlichtungsstelle teilzunehmen. Unsere Mailadresse findest du im Impressum.<\/p><p>&nbsp;<\/p><p><strong>Die Universalschlichtungsstelle des Bundes erreichst du hier:<\/strong><\/p><p>Universalschlichtungsstelle des Bundes - Zentrum f\u00fcr Schlichtung e.V.<br> Stra\u00dfburger Stra\u00dfe 8<br> 77694 Kehl am Rhein<\/p><p>Tel: 07851 \/ 795 79 40<br> Fax: 07851 \/ 795 79 41<\/p><p>E-Mail: <a href=\"mailto:mail@universalschlichtungsstelle.de\">mail(at)universalschlichtungsstelle.de<\/a><\/p><p>Web: <a href=\"https:\/\/www.verbraucher-schlichter.de\/\" target=\"_blank\" rel=\"noopener noreferrer\">www.verbraucher-schlichter.de\/<\/a><\/p><p>Diese Schlichtungsstelle ist Universalschlichtungsstelle des Bundes im Sinne des \u00a7 29 Absatz 1, Absatz 2 Satz 1 Nummer 2 VSBG in Verbindung mit der Universalschlichtungsstellenverordnung (UnivSchlichtV).<\/p><\/div>\n\n\n\n\n<div id=\"c401\"\n         class=\"content \n    frame frame-default frame-type-textmedia frame-layout-0\n             frame-space-before-extra-large\n             frame-space-after-extra-large\n\"><div class=\"content\"><header><h2\n                \n            >\n\n                    \n                        Wichtiger Hinweis zum Urheberrecht\n                    \n\n                    \n\n                    \n\n                    <\/h2><\/header><\/div><div class=\"ce-textpic ce-center ce-below\"><div class=\"ce-bodytext\"><p>Urheber dieser Webseite: 1997 - 2023&nbsp;\u00a9 Yoga Vidya e.V. &nbsp;Alle Rechte vorbehalten.<\/p><ul><li>verwendete Fotos teilweise von Harald Schnauder, Fotograf (<a href=\"https:\/\/www.business-portrait.com\/\" target=\"_blank\" rel=\"noopener noreferrer\">business-portrait.com\/<\/a>).<\/li><li>verwendete Bilder teilweise von Depositphotos (<a href=\"https:\/\/de.depositphotos.com\/\" target=\"_blank\" rel=\"noopener noreferrer\">de.depositphotos.com\/)<\/a><\/li><li>verwendete Bilder teilweise von Adobe Stock, ehemals Fotolia (<a href=\"https:\/\/stock.adobe.com\/de\/\" target=\"_blank\" rel=\"noopener noreferrer\">stock.adobe.com\/de\/<\/a>)<\/li><\/ul><p>F\u00fcr die Nutzung dieses Online-Angebots gelten uneingeschr\u00e4nkt unsere Nutzungsbedingungen und Allgemeine Gesch\u00e4ftsbedingungen.<\/p><p>Jegliche Nutzung von Inhalten, ausgenommen zum unmittelbaren pers\u00f6nlichen und nicht gewinnorientierten Gebrauch, bedarf der Genehmigung der Yoga Vidya e.V.<\/p><p>Anfragen bitte per Mail an <a href=\"mailto:info@yoga-vidya.de\">info(at)yoga-vidya.de<\/a> richten.&nbsp;<\/p><p>Normalerweise werden solche Anfragen, in manchen F\u00e4llen gegen eine geringe Geb\u00fchr, genehmigt.<\/p><p>In jedem&nbsp;Fall ist der Yoga Vidya e.V. unmittelbar als Urheber zu nennen und ein Verweis (s.g. 'Hyperlink') auf die Webseite des Vereins <a rel=\"noopener\" href=\"https:\/\/www.yoga-vidya.de\/\" target=\"_blank\">www.yoga-vidya.de<\/a>&nbsp;anzubringen.<br> &nbsp;<\/p><\/div><\/div><\/div>\n\n\n\n\n<div id=\"c48643\"\n         class=\"content \n    frame frame-default frame-type-textmedia frame-layout-0\n            \n             frame-space-after-extra-large\n\"><div class=\"content\"><header><h2\n                \n            >\n\n                    \n                        Haftungsausschluss\n                    \n\n                    \n\n                    \n\n                    <\/h2><\/header><\/div><div class=\"ce-textpic ce-center ce-above\"><div class=\"ce-bodytext\"><p>Unser Angebot enth\u00e4lt Links zu externen Webseiten Dritter, auf deren Inhalte wir keinen Einfluss haben. Links zu anderen Internetseiten dienen zur Information. Yoga Vidya e.V. \u00fcbernimmt keine Verantwortung beziehungsweise Haftung f\u00fcr den Inhalt oder die Gestaltung fremder Internetseiten.<\/p><p>F\u00fcr die Inhalte der verlinkten Seiten ist stets der jeweilige Anbieter oder Betreiber der Seiten verantwortlich. Die verlinkten Seiten wurden zum Zeitpunkt der Verlinkung auf m\u00f6gliche Rechtsverst\u00f6\u00dfe \u00fcberpr\u00fcft. Rechtswidrige Inhalte waren zum Zeitpunkt der Verlinkung nicht erkennbar. Bei bekannt werden von Rechtsverletzungen werden wir derartige Links umgehend entfernen.<\/p><\/div><\/div><\/div>\n\n\n\n\n","protected":false},"excerpt":{"rendered":"","protected":false},"author":1,"featured_media":0,"parent":0,"menu_order":0,"comment_status":"closed","ping_status":"closed","template":"","meta":{"footnotes":""},"class_list":["post-3679","page","type-page","status-publish","hentry"],"_links":{"self":[{"href":"https:\/\/schriften.yoga-vidya.de\/patanjali-raja-yoga-sutra\/wp-json\/wp\/v2\/pages\/3679","targetHints":{"allow":["GET"]}}],"collection":[{"href":"https:\/\/schriften.yoga-vidya.de\/patanjali-raja-yoga-sutra\/wp-json\/wp\/v2\/pages"}],"about":[{"href":"https:\/\/schriften.yoga-vidya.de\/patanjali-raja-yoga-sutra\/wp-json\/wp\/v2\/types\/page"}],"author":[{"embeddable":true,"href":"https:\/\/schriften.yoga-vidya.de\/patanjali-raja-yoga-sutra\/wp-json\/wp\/v2\/users\/1"}],"replies":[{"embeddable":true,"href":"https:\/\/schriften.yoga-vidya.de\/patanjali-raja-yoga-sutra\/wp-json\/wp\/v2\/comments?post=3679"}],"version-history":[{"count":2,"href":"https:\/\/schriften.yoga-vidya.de\/patanjali-raja-yoga-sutra\/wp-json\/wp\/v2\/pages\/3679\/revisions"}],"predecessor-version":[{"id":5697,"href":"https:\/\/schriften.yoga-vidya.de\/patanjali-raja-yoga-sutra\/wp-json\/wp\/v2\/pages\/3679\/revisions\/5697"}],"wp:attachment":[{"href":"https:\/\/schriften.yoga-vidya.de\/patanjali-raja-yoga-sutra\/wp-json\/wp\/v2\/media?parent=3679"}],"curies":[{"name":"wp","href":"https:\/\/api.w.org\/{rel}","templated":true}]}}