{"id":2,"date":"2011-10-12T11:48:06","date_gmt":"2011-10-12T11:48:06","guid":{"rendered":"http:\/\/schriften.yoga-vidya.de\/patanjali-raja-yoga-sutra\/?page_id=2"},"modified":"2015-11-30T15:25:04","modified_gmt":"2015-11-30T14:25:04","slug":"der-weg-zur-befreiung","status":"publish","type":"page","link":"https:\/\/schriften.yoga-vidya.de\/patanjali-raja-yoga-sutra\/","title":{"rendered":"Bringe mit Yoga deine Gedanken zur Ruhe"},"content":{"rendered":"<p>Das Yoga Sutra von Patanjali ist die wichtigste Schrift \u00fcber Raja Yoga und gilt\u00a0als das wichtigste Werk \u00fcber die indische Psychologie. Es beinhaltet viele Techniken und \u00dcbungen, um vom Relativen zum Absoluten zu kommen.<\/p>\n<div class=\"embed-privacy-container is-disabled embed-youtube\" data-embed-id=\"oembed_681fd73691f6cc0936972caa143293a5\" data-embed-provider=\"youtube\" style=\"aspect-ratio: 660\/371;\">\t\t\t\t\t\t<button type=\"button\" class=\"embed-privacy-enable screen-reader-text\">\u201eRaja Yoga &#8211; Der k\u00f6nigliche Yoga &#8211; Sanskrit W\u00f6rterbuch\u201c von YouTube anzeigen<\/button>\t\t\t\t\t\t<\/p>\n<div class=\"embed-privacy-overlay\">\n<div class=\"embed-privacy-inner\">\n<div class=\"embed-privacy-logo\" style=\"background-image: url(https:\/\/schriften.yoga-vidya.de\/patanjali-raja-yoga-sutra\/wp-content\/plugins\/embed-privacy\/assets\/images\/embed-youtube.png?ver=1.12.3);\"><\/div>\n<p>\t\tHier klicken, um den Inhalt von YouTube anzuzeigen.\t\t\t\t\t<br \/>\t\t\t\t\tErfahre mehr in der <a href=\"https:\/\/policies.google.com\/privacy?hl=de\" target=\"_blank\">Datenschutzerkl\u00e4rung von YouTube<\/a>.\t\t<\/p>\n<p class=\"embed-privacy-input-wrapper\">\t\t\t<input id=\"embed-privacy-store-youtube-681fd73691f6cc0936972caa143293a5\" type=\"checkbox\" value=\"1\" class=\"embed-privacy-input\" data-embed-provider=\"youtube\">\t\t\t<label for=\"embed-privacy-store-youtube-681fd73691f6cc0936972caa143293a5\" class=\"embed-privacy-label\" data-embed-provider=\"youtube\">\t\t\t\tInhalt von YouTube immer anzeigen\t\t\t<\/label>\t\t<\/p>\n<\/p><\/div>\n<div class=\"embed-privacy-footer\"><span class=\"embed-privacy-url\"><a href=\"https:\/\/www.youtube.com\/watch?v=T0ur8GSYfnE&#038;list=PLpn8Y5Wnr1TAcBOUVDrSVfKv7g0wT9qHJ\">\u201eRaja Yoga &#8211; Der k\u00f6nigliche Yoga &#8211; Sanskrit W\u00f6rterbuch\u201c direkt \u00f6ffnen<\/a><\/span><\/div>\n<\/p><\/div>\n<div class=\"embed-privacy-content\">\t\t\t\t<script>var _oembed_681fd73691f6cc0936972caa143293a5 = '{\\\"embed\\\":\\\"&lt;iframe hcb-fetch-image-from=&quot;https:\\\\\/\\\\\/www.youtube-nocookie.com\\\\\/watch?v=T0ur8GSYfnE&amp;amp;list=PLpn8Y5Wnr1TAcBOUVDrSVfKv7g0wT9qHJ&quot; title=&quot;Raja Yoga - Der k&ouml;nigliche Yoga - Sanskrit W&ouml;rterbuch&quot; width=&quot;660&quot; height=&quot;371&quot; src=&quot;https:\\\\\/\\\\\/www.youtube-nocookie.com\\\\\/embed\\\\\/T0ur8GSYfnE?list=PLpn8Y5Wnr1TAcBOUVDrSVfKv7g0wT9qHJ&quot; frameborder=&quot;0&quot; allow=&quot;accelerometer; autoplay; clipboard-write; encrypted-media; gyroscope; picture-in-picture; web-share&quot; referrerpolicy=&quot;strict-origin-when-cross-origin&quot; allowfullscreen&gt;&lt;\\\\\/iframe&gt;\\\"}';<\/script>\t\t\t<\/div>\n<\/p><\/div>\n<p>Das Yoga Sutra wurde vor ca.\u00a02000 Jahren von <a href=\"https:\/\/wiki.yoga-vidya.de\/Patanjali\" target=\"_blank\">Patanjali<\/a> Maharishi geschrieben. Wann genau, dar\u00fcber streiten sich die Gelehrten. Wor\u00fcber sich niemand streitet: Das Yoga Sutra ist ein gro\u00dfartiges Werk.\u00a0Das Yoga Sutra besteht aus 4 Kapiteln. Jedes Kapitel ist in sich vollst\u00e4ndig. Alle vier zusammen beschreiben den menschlichen Geist und wie man jenseits von ihm kommen kann.<\/p>\n<ol>\n<li>Samadhi Pada: Theorie des Geistes<\/li>\n<li>Sadhana Pada: Die Spirituelle Praxis<\/li>\n<li>Vibhuti Pada: H\u00f6here Erfahrungen auf dem Weg, die Entfaltung geistiger Kr\u00e4fte<\/li>\n<li>Kaivalya Pada: Die Befreiung<\/li>\n<\/ol>\n<p><img loading=\"lazy\" decoding=\"async\" class=\"alignright wp-image-3606 size-full\" src=\"https:\/\/schriften.yoga-vidya.de\/patanjali-raja-yoga-sutra\/wp-content\/uploads\/2011\/10\/meditation.jpg\" alt=\"die Gedanken im Geist zur Ruhe bringen\" width=\"660\" height=\"337\" srcset=\"https:\/\/schriften.yoga-vidya.de\/patanjali-raja-yoga-sutra\/wp-content\/uploads\/2011\/10\/meditation.jpg 660w, https:\/\/schriften.yoga-vidya.de\/patanjali-raja-yoga-sutra\/wp-content\/uploads\/2011\/10\/meditation-300x153.jpg 300w, https:\/\/schriften.yoga-vidya.de\/patanjali-raja-yoga-sutra\/wp-content\/uploads\/2011\/10\/meditation-540x276.jpg 540w\" sizes=\"auto, (max-width: 660px) 100vw, 660px\" \/><\/p>\n","protected":false},"excerpt":{"rendered":"<p>Das Yoga Sutra von Patanjali ist die wichtigste Schrift \u00fcber Raja Yoga und gilt\u00a0als das wichtigste Werk \u00fcber die indische Psychologie. Es beinhaltet viele Techniken und \u00dcbungen, um vom Relativen zum Absoluten zu kommen. Das Yoga Sutra wurde vor ca.\u00a02000 Jahren von Patanjali Maharishi geschrieben. Wann genau, dar\u00fcber streiten sich die Gelehrten. Wor\u00fcber sich niemand &hellip; <a href=\"https:\/\/schriften.yoga-vidya.de\/patanjali-raja-yoga-sutra\/\" class=\"more-link\"><span class=\"screen-reader-text\">Bringe mit Yoga deine Gedanken zur Ruhe<\/span> weiterlesen<\/a><\/p>\n","protected":false},"author":1,"featured_media":0,"parent":0,"menu_order":0,"comment_status":"open","ping_status":"open","template":"","meta":{"footnotes":""},"class_list":["post-2","page","type-page","status-publish","hentry"],"_links":{"self":[{"href":"https:\/\/schriften.yoga-vidya.de\/patanjali-raja-yoga-sutra\/wp-json\/wp\/v2\/pages\/2","targetHints":{"allow":["GET"]}}],"collection":[{"href":"https:\/\/schriften.yoga-vidya.de\/patanjali-raja-yoga-sutra\/wp-json\/wp\/v2\/pages"}],"about":[{"href":"https:\/\/schriften.yoga-vidya.de\/patanjali-raja-yoga-sutra\/wp-json\/wp\/v2\/types\/page"}],"author":[{"embeddable":true,"href":"https:\/\/schriften.yoga-vidya.de\/patanjali-raja-yoga-sutra\/wp-json\/wp\/v2\/users\/1"}],"replies":[{"embeddable":true,"href":"https:\/\/schriften.yoga-vidya.de\/patanjali-raja-yoga-sutra\/wp-json\/wp\/v2\/comments?post=2"}],"version-history":[{"count":5,"href":"https:\/\/schriften.yoga-vidya.de\/patanjali-raja-yoga-sutra\/wp-json\/wp\/v2\/pages\/2\/revisions"}],"predecessor-version":[{"id":3596,"href":"https:\/\/schriften.yoga-vidya.de\/patanjali-raja-yoga-sutra\/wp-json\/wp\/v2\/pages\/2\/revisions\/3596"}],"wp:attachment":[{"href":"https:\/\/schriften.yoga-vidya.de\/patanjali-raja-yoga-sutra\/wp-json\/wp\/v2\/media?parent=2"}],"curies":[{"name":"wp","href":"https:\/\/api.w.org\/{rel}","templated":true}]}}