{"id":285,"date":"2015-12-10T10:42:14","date_gmt":"2015-12-10T09:42:14","guid":{"rendered":"http:\/\/schriften.yoga-vidya.de\/bhakti-yoga-sutra\/?page_id=285"},"modified":"2022-11-21T01:29:42","modified_gmt":"2022-11-21T00:29:42","slug":"kultiviere-bhakti-yoga-gottesliebe","status":"publish","type":"page","link":"https:\/\/schriften.yoga-vidya.de\/narada-bhakti-sutra\/","title":{"rendered":"Kultiviere Bhakti Yoga, Gottesliebe"},"content":{"rendered":"<p>Narada Bhakti Sutra geh\u00f6rt mit zu den wichtigsten Yogaschriften\u00a0und\u00a0beschreibt in 84 Versen, wie ein Aspirant<a href=\"https:\/\/wiki.yoga-vidya.de\/Bhakti_Yoga#Sukadev_.C3.BCber_Bhakti_Yoga\" target=\"_blank\" rel=\"noopener\"> Bhakti,<\/a> die Liebe zu Gott entwickeln kann.\u00a0<a href=\"https:\/\/wiki.yoga-vidya.de\/Sutra\" target=\"_blank\" rel=\"noopener\">Sutra<\/a> ist die k\u00fcrzeste Weise, etwas zu sagen.<\/p>\n<div class=\"embed-privacy-container is-disabled embed-youtube\" data-embed-id=\"oembed_90f19e0fe595e8e53d919714d0ebf767\" data-embed-provider=\"youtube\" style=\"aspect-ratio: 660\/371;\">\t\t\t\t\t\t<button type=\"button\" class=\"embed-privacy-enable screen-reader-text\">\u201eNarada Bhakti Sutra Einf\u00fchrung \u2013 Bhakti Sutra 00\u201c von YouTube anzeigen<\/button>\t\t\t\t\t\t<\/p>\n<div class=\"embed-privacy-overlay\">\n<div class=\"embed-privacy-inner\">\n<div class=\"embed-privacy-logo\" style=\"background-image: url(https:\/\/schriften.yoga-vidya.de\/narada-bhakti-sutra\/wp-content\/plugins\/embed-privacy\/assets\/images\/embed-youtube.png?ver=1.12.3);\"><\/div>\n<p>\t\tHier klicken, um den Inhalt von YouTube anzuzeigen.\t\t\t\t\t<br \/>\t\t\t\t\tErfahre mehr in der <a href=\"https:\/\/policies.google.com\/privacy?hl=de\" target=\"_blank\">Datenschutzerkl\u00e4rung von YouTube<\/a>.\t\t<\/p>\n<p class=\"embed-privacy-input-wrapper\">\t\t\t<input id=\"embed-privacy-store-youtube-90f19e0fe595e8e53d919714d0ebf767\" type=\"checkbox\" value=\"1\" class=\"embed-privacy-input\" data-embed-provider=\"youtube\">\t\t\t<label for=\"embed-privacy-store-youtube-90f19e0fe595e8e53d919714d0ebf767\" class=\"embed-privacy-label\" data-embed-provider=\"youtube\">\t\t\t\tInhalt von YouTube immer anzeigen\t\t\t<\/label>\t\t<\/p>\n<\/p><\/div>\n<div class=\"embed-privacy-footer\"><span class=\"embed-privacy-url\"><a href=\"https:\/\/www.youtube.com\/watch?v=QdabRG1peBI&#038;list=PLpn8Y5Wnr1TARcPHhyCIRS5AWh2eqMTBL\">\u201eNarada Bhakti Sutra Einf\u00fchrung \u2013 Bhakti Sutra 00\u201c direkt \u00f6ffnen<\/a><\/span><\/div>\n<\/p><\/div>\n<div class=\"embed-privacy-content\">\t\t\t\t<script>var _oembed_90f19e0fe595e8e53d919714d0ebf767 = '{\\\"embed\\\":\\\"&lt;iframe hcb-fetch-image-from=&quot;https:\\\\\/\\\\\/www.youtube-nocookie.com\\\\\/watch?v=QdabRG1peBI&amp;amp;list=PLpn8Y5Wnr1TARcPHhyCIRS5AWh2eqMTBL&quot; title=&quot;Narada Bhakti Sutra Einf&uuml;hrung &ndash; Bhakti Sutra 00&quot; width=&quot;660&quot; height=&quot;371&quot; src=&quot;https:\\\\\/\\\\\/www.youtube-nocookie.com\\\\\/embed\\\\\/QdabRG1peBI?list=PLpn8Y5Wnr1TARcPHhyCIRS5AWh2eqMTBL&quot; frameborder=&quot;0&quot; allow=&quot;accelerometer; autoplay; clipboard-write; encrypted-media; gyroscope; picture-in-picture; web-share&quot; referrerpolicy=&quot;strict-origin-when-cross-origin&quot; allowfullscreen&gt;&lt;\\\\\/iframe&gt;\\\"}';<\/script>\t\t\t<\/div>\n<\/p><\/div>\n<p>Narada, auch Narada Muni genannt, gilt als der Autor des <a href=\"https:\/\/de.wikipedia.org\/wiki\/Bhakti-Yoga\" target=\"_blank\" rel=\"noopener\">Bhakti Sutra<\/a>. <a class=\"external-link-new-window\" href=\"https:\/\/wiki.yoga-vidya.de\/Narada\" target=\"_blank\" rel=\"noopener\">Narada<\/a> war ein <a class=\"external-link-new-window\" href=\"https:\/\/wiki.yoga-vidya.de\/Rishi\" target=\"_blank\" rel=\"noopener\">Rishi<\/a>, ein Seher, ein Verehrer von Krishna und Vishnu. Es ranken sich viele Geschichten um ihn. Es hei\u00dft, da\u00df Narada ein gro\u00dfer Wissender war, der alle Wissenschaften seiner Zeit kannte, aber merkte, dass diese ihn nicht zufrieden stellten. So wurde ihm von einem Rishi geraten, Bhakti, Gottesliebe zu entwickeln. So wurde Narada ein gro\u00dfer Bhakta, ein gro\u00dfer Gottesverehrer. Da Narada die Bhakti, die Gottesliebe nicht in die Wiege gelegt wurde, wurde er besonders kompetent darin, anderen den Weg zu Bhakti Yoga zu zeigen. Gerade im Bhakti Sutra fasst Narada die Methoden zusammen, wie ein Aspirant Bhakti, Hingabe, entwickeln kann.<\/p>\n<p><a href=\"https:\/\/schriften.yoga-vidya.de\/bhakti-yoga-sutra\/wp-content\/uploads\/2015\/10\/narada-vishnu.jpg\"><img loading=\"lazy\" decoding=\"async\" class=\"alignright wp-image-8 size-full\" title=\"Narada hat eine Vision von Vishnu\" src=\"https:\/\/schriften.yoga-vidya.de\/narada-bhakti-sutra\/wp-content\/uploads\/2015\/10\/narada-hat-eine-vision-von-vishnu.jpg\" alt=\"Narada und Vishnu\" width=\"300\" height=\"409\" srcset=\"https:\/\/schriften.yoga-vidya.de\/narada-bhakti-sutra\/wp-content\/uploads\/2015\/10\/narada-hat-eine-vision-von-vishnu.jpg 300w, https:\/\/schriften.yoga-vidya.de\/narada-bhakti-sutra\/wp-content\/uploads\/2015\/10\/narada-hat-eine-vision-von-vishnu-220x300.jpg 220w\" sizes=\"auto, (max-width: 300px) 100vw, 300px\" \/><\/a><\/p>\n<p>Narada war ein gro\u00dfer Weiser. Er sah auch viele Irrwege beim Bhakti Yoga: \u00dcberbetonung von Ritualen, Stolz auf die eigenen spirituellen Praktiken und mehr. So legt Narada im Bhakti Sutra gro\u00dfen Wert auf die Liebe an sich. Er erkennt an, dass auch Praktiken, gesellschaftliche Gepflogenheiten, Rituale, ihren Sinn haben. Aber er sagt, dass Bhakti, die Gottesliebe an sich um so wichtiger ist.<\/p>\n<p>Narada gilt auch als <a href=\"https:\/\/wiki.yoga-vidya.de\/Vedanta\" target=\"_blank\" rel=\"noopener\">Vedantin<\/a>, als Lehrer der Einheit. Obgleich er besonders Krishna und Rama verehrte, r\u00e4t er im Bhakti Sutra nicht zu einer konkreten Form der Gottesverehrung. Vielmehr sagt er, dass Gott nicht beschreibbar ist, jenseits aller Vorstellungen. Er erkl\u00e4rt gleich zu Anfang, dass Bhakti Liebe zu \u201eDIESEM\u201c ist. F\u00fcr Narada ist die Verschmelzung mit Gott das Ziel von Bhakti Yoga. Hier unterscheidet er sich von <a href=\"https:\/\/wiki.yoga-vidya.de\/Shandilya\" target=\"_blank\" rel=\"noopener\">Shandilya<\/a>, der auch ein Bhakti Sutra geschrieben hat, und eher einen dualistischen <a href=\"https:\/\/wiki.yoga-vidya.de\/Vaishnava\">Vaishnava<\/a> Ansatz in seinem Bhakti Sutra hat.<\/p>\n<p>Narada will sich aber aus philosophischen Diskussionen raushalten. Er sagt im Bhakti Sutra, dass man nicht \u00fcber Gott diskutieren solle. Es gibt gen\u00fcgend Raum f\u00fcr verschiedene Ansichten. Vielmehr solle man Bhakti, Gottesliebe, kultivieren, ohne sich \u00fcber philosophische Fragen zu streiten.<\/p>\n<h3>F\u00fcr wen ist Narada Bhakti Sutra geeignet?<\/h3>\n<p>~ F\u00fcr Menschen, die alles aufgeben, in <a href=\"https:\/\/wiki.yoga-vidya.de\/Ashram\" target=\"_blank\" rel=\"noopener\">Ashram<\/a>s oder als Wanderasket leben, um sich ganz der Gottessuche zu widmen.<\/p>\n<p>~ F\u00fcr Menschen im Berufs- und Familienleben, die ihr ganzes Leben, auch ihre Pflichten und W\u00fcnsche Gott darbringen m\u00f6chten.<\/p>\n<p>An manchen Stellen ist Narada im Bhakti Sutra radikal: Wer das h\u00f6chste Ziel im Leben, die <a href=\"https:\/\/wiki.yoga-vidya.de\/Selbstverwirklichung\" target=\"_blank\" rel=\"noopener\">Gottverwirklichung<\/a>, erreichen will, der muss sich dem auch ganz widmen.\u00a0An anderen Stellen erkennt er die Schw\u00e4chen des Menschen an und sagt, dass man auch diese Gott ganz darbringen kann.<\/p>\n<p>Die Essenz des Bhakti Sutra ist letztlich: Gotteserfahrung kommt aus Gnade. Gnade kommt aus Gottesliebe. Und Gottesliebe kommt aus Gnade und eigenem Bem\u00fchen.\u00a0So ist Narada Bhakti Sutra ein wunderbarer Text f\u00fcr jeden, der nach Gotteserfahrung strebt und Bhakti, Gottesliebe kultivieren will.<\/p>\n<p><img loading=\"lazy\" decoding=\"async\" class=\"alignnone wp-image-133 size-full\" title=\"Sukadev kommentiert das Narada Bhakti Sutra\" src=\"https:\/\/schriften.yoga-vidya.de\/narada-bhakti-sutra\/wp-content\/uploads\/2015\/10\/sukadev-bhakti-sutras.jpg\" alt=\"Narada Bhakti Sutra\" width=\"645\" height=\"363\" srcset=\"https:\/\/schriften.yoga-vidya.de\/narada-bhakti-sutra\/wp-content\/uploads\/2015\/10\/sukadev-bhakti-sutras.jpg 645w, https:\/\/schriften.yoga-vidya.de\/narada-bhakti-sutra\/wp-content\/uploads\/2015\/10\/sukadev-bhakti-sutras-300x169.jpg 300w\" sizes=\"auto, (max-width: 645px) 100vw, 645px\" \/><\/p>\n<p>Das Alter des\u00a0Narada Bhakti Sutra ist unklar. Die Tradition sagt, dass es \u00fcber 5000 Jahre alt ist. Vermutlich wurde es aber in den Jahrhunderten nach Christi Geburt geschrieben. Letztlich ist die genaue Datierung des Narada Bhakti Sutra auch nicht so wichtig. Am wichtigsten ist es, Bhakti, Hingabe zu entwickeln, Gottesliebe zu erfahren, die Gotteserfahrung zu machen, sich f\u00fcr die g\u00f6ttliche Gnade zu \u00f6ffnen.<\/p>\n<p><strong>Die 84 Verse des\u00a0Narada Bhakti Sutra lassen sich in\u00a09 Teile gliedern:<\/strong><\/p>\n<ol>\n<li><a href=\"https:\/\/schriften.yoga-vidya.de\/narada-bhakti-sutra\/thema\/definitionen-von-bhakti\/\">Definitionen von Bhakti (01-06)<\/a><\/li>\n<li><a href=\"https:\/\/schriften.yoga-vidya.de\/narada-bhakti-sutra\/thema\/die-wichtigkeit-von-nichtanhaftung-und-hingabe\/\">Wichtigkeit von Nichtanhaftung und Hingabe (07-14)<\/a><\/li>\n<li><a href=\"https:\/\/schriften.yoga-vidya.de\/narada-bhakti-sutra\/thema\/beispiele-goettlicher-liebe\/\">Beispiele g\u00f6ttlicher Liebe (15-24)<\/a><\/li>\n<li><a href=\"https:\/\/schriften.yoga-vidya.de\/narada-bhakti-sutra\/thema\/bhakti-als-hoechstes-ziel-des-lebens\/\">Bhakti als h\u00f6chstes Ziel des Lebens (25-33)<\/a><\/li>\n<li><a href=\"https:\/\/schriften.yoga-vidya.de\/narada-bhakti-sutra\/thema\/die-uebung-von-bhakti-im-alltag\/\">Die \u00dcbung von Bhakti im Alltag (34-42)<\/a><\/li>\n<li><a href=\"https:\/\/schriften.yoga-vidya.de\/narada-bhakti-sutra\/thema\/die-gesellschaft-von-heiligen\/\">Die Gesellschaft von Heiligen (43-50)<\/a><\/li>\n<li><a href=\"https:\/\/schriften.yoga-vidya.de\/narada-bhakti-sutra\/thema\/anfaengliche-und-hoechste-hingabe-bhakti\/\">Anf\u00e4ngliche und h\u00f6chste Hingabe (51-57)<\/a><\/li>\n<li><a href=\"https:\/\/schriften.yoga-vidya.de\/narada-bhakti-sutra\/thema\/die-formen-goettlicher-liebe\/\">Die Formen g\u00f6ttlicher Liebe (58-73)<\/a><\/li>\n<li><a href=\"https:\/\/schriften.yoga-vidya.de\/narada-bhakti-sutra\/thema\/ethik-und-rituale-im-bhakti-yoga\/\">Ethik und Rituale (74-84)<\/a><\/li>\n<\/ol>\n","protected":false},"excerpt":{"rendered":"<p>Narada Bhakti Sutra geh\u00f6rt mit zu den wichtigsten Yogaschriften\u00a0und\u00a0beschreibt in 84 Versen, wie ein Aspirant Bhakti, die Liebe zu Gott entwickeln kann.\u00a0Sutra ist die k\u00fcrzeste Weise, etwas zu sagen. \u201eNarada Bhakti Sutra Einf\u00fchrung \u2013 Bhakti Sutra 00\u201c von YouTube anzeigen Hier klicken, um den Inhalt von YouTube anzuzeigen. Erfahre mehr in der Datenschutzerkl\u00e4rung von YouTube. &hellip; <a href=\"https:\/\/schriften.yoga-vidya.de\/narada-bhakti-sutra\/\" class=\"more-link\"><span class=\"screen-reader-text\">Kultiviere Bhakti Yoga, Gottesliebe<\/span> weiterlesen<\/a><\/p>\n","protected":false},"author":2,"featured_media":0,"parent":0,"menu_order":0,"comment_status":"closed","ping_status":"closed","template":"","meta":{"footnotes":""},"class_list":["post-285","page","type-page","status-publish","hentry"],"_links":{"self":[{"href":"https:\/\/schriften.yoga-vidya.de\/narada-bhakti-sutra\/wp-json\/wp\/v2\/pages\/285","targetHints":{"allow":["GET"]}}],"collection":[{"href":"https:\/\/schriften.yoga-vidya.de\/narada-bhakti-sutra\/wp-json\/wp\/v2\/pages"}],"about":[{"href":"https:\/\/schriften.yoga-vidya.de\/narada-bhakti-sutra\/wp-json\/wp\/v2\/types\/page"}],"author":[{"embeddable":true,"href":"https:\/\/schriften.yoga-vidya.de\/narada-bhakti-sutra\/wp-json\/wp\/v2\/users\/2"}],"replies":[{"embeddable":true,"href":"https:\/\/schriften.yoga-vidya.de\/narada-bhakti-sutra\/wp-json\/wp\/v2\/comments?post=285"}],"version-history":[{"count":5,"href":"https:\/\/schriften.yoga-vidya.de\/narada-bhakti-sutra\/wp-json\/wp\/v2\/pages\/285\/revisions"}],"predecessor-version":[{"id":2211,"href":"https:\/\/schriften.yoga-vidya.de\/narada-bhakti-sutra\/wp-json\/wp\/v2\/pages\/285\/revisions\/2211"}],"wp:attachment":[{"href":"https:\/\/schriften.yoga-vidya.de\/narada-bhakti-sutra\/wp-json\/wp\/v2\/media?parent=285"}],"curies":[{"name":"wp","href":"https:\/\/api.w.org\/{rel}","templated":true}]}}